{"id":100,"date":"2026-02-18T14:32:46","date_gmt":"2026-02-18T14:32:46","guid":{"rendered":"https:\/\/wp.conform-it.fr\/?page_id=100"},"modified":"2026-02-18T14:39:23","modified_gmt":"2026-02-18T14:39:23","slug":"test-rgaa-chapitre-01-images-nc","status":"publish","type":"page","link":"https:\/\/wp.conform-it.fr\/index.php\/test-rgaa-chapitre-01-images-nc\/","title":{"rendered":"Test RGAA \u2013 Chapitre 01 : Images &#8211; NC"},"content":{"rendered":"\n<p>1- Image informative sans alternative textuelle<\/p>\n\n\n\n<p>\n  <img decoding=\"async\" src=\"\/uploads\/2026\/01\/equipe.jpg\" \/>\n<\/p>\n\n\n\n<p>2- Alternative vide sur image informative<\/p>\n\n\n\n<img decoding=\"async\" src=\"\/images\/graphique-ventes.png\" alt=\"\">\n\n\n\n<p>3- Alternative non pertinente (g\u00e9n\u00e9rique)<\/p>\n\n\n\n<img decoding=\"async\" src=\"\/images\/mairie.jpg\" alt=\"image\">\n\n\n\n<p>4- Alternative contenant uniquement le nom du fichier<\/p>\n\n\n\n<img decoding=\"async\" src=\"\/images\/carte-france-regions.png\" alt=\"carte-france-regions.png\">\n\n\n\n<p>5- Image de d\u00e9coration avec un alt non vide<\/p>\n\n\n\n<img decoding=\"async\" src=\"\/images\/separateur.png\" alt=\"ligne d\u00e9corative\">\n\n\n\n<p>6- Image porteuse d&rsquo;information en CSS (inaccessible)<\/p>\n\n\n\n<div class=\"promo-bandeau\"><\/div>\n\n<style>\n.promo-bandeau {\n  background-image: url('\/images\/promo-50pourcent.png');\n  width: 600px;\n  height: 200px;\n}\n<\/style>\n\n\n\n<p>7- Image-lien sans alternative explicite<\/p>\n\n\n\n<a href=\"\/contact\">\n  <img decoding=\"async\" src=\"\/images\/icon-mail.png\" alt=\"\">\n<\/a>\n\n\n\n<p>8- Image-lien avec alternative non descriptive<\/p>\n\n\n\n<a href=\"\/inscription\">\n  <img decoding=\"async\" src=\"\/images\/bouton.png\" alt=\"cliquez ici\">\n<\/a>\n\n\n\n<p>9- Image contenant du texte important non restitu\u00e9<\/p>\n\n\n\n<img decoding=\"async\" src=\"\/images\/horaires.png\" alt=\"horaires\">\n\n\n\n<p>10 &#8211; CAPTCHA image sans alternative<\/p>\n\n\n\n<label for=\"captcha\">Recopiez le texte :<\/label>\n<img decoding=\"async\" src=\"\/captcha\/image.php\">\n<input type=\"text\" id=\"captcha\">\n\n\n\n<p>11- Image complexe sans description longue<\/p>\n\n\n\n<img decoding=\"async\" src=\"\/images\/schema-architecture.png\" alt=\"Sch\u00e9ma de l\u2019architecture\">\n\n\n\n<p>12- Image avec r\u00f4le ARIA incoh\u00e9rent<\/p>\n\n\n\n<img decoding=\"async\" src=\"\/images\/logo.png\" alt=\"Logo de la ville\" role=\"presentation\">\n\n\n\n<p>13- SVG informatif sans \u00e9quivalent textuel<\/p>\n\n\n\n<svg width=\"200\" height=\"200\">\n  <circle cx=\"100\" cy=\"100\" r=\"80\" fill=\"red\"><\/circle>\n<\/svg>\n\n\n\n<p>14- Image de bouton sans alternative<\/p>\n\n\n\n<input type=\"image\" src=\"\/images\/search.png\">\n\n\n\n<p>15- Multiples images identiques avec le m\u00eame alt non contextuel<\/p>\n\n\n\n<ul>\n  <li><img decoding=\"async\" src=\"\/images\/pdf.png\" alt=\"document\"><\/li>\n  <li><img decoding=\"async\" src=\"\/images\/pdf.png\" alt=\"document\"><\/li>\n  <li><img decoding=\"async\" src=\"\/images\/pdf.png\" alt=\"document\"><\/li>\n<\/ul>\n","protected":false},"excerpt":{"rendered":"<p>1- Image informative sans alternative textuelle 2- Alternative vide sur image informative 3- Alternative non pertinente (g\u00e9n\u00e9rique) 4- Alternative contenant uniquement le nom du fichier 5- Image de d\u00e9coration avec un alt non vide 6- Image porteuse d&rsquo;information en CSS (inaccessible) 7- Image-lien sans alternative explicite 8- Image-lien avec alternative non descriptive 9- Image contenant [&hellip;]<\/p>\n","protected":false},"author":1,"featured_media":0,"parent":0,"menu_order":0,"comment_status":"closed","ping_status":"closed","template":"","meta":{"footnotes":""},"class_list":["post-100","page","type-page","status-publish","hentry"],"_links":{"self":[{"href":"https:\/\/wp.conform-it.fr\/index.php\/wp-json\/wp\/v2\/pages\/100","targetHints":{"allow":["GET"]}}],"collection":[{"href":"https:\/\/wp.conform-it.fr\/index.php\/wp-json\/wp\/v2\/pages"}],"about":[{"href":"https:\/\/wp.conform-it.fr\/index.php\/wp-json\/wp\/v2\/types\/page"}],"author":[{"embeddable":true,"href":"https:\/\/wp.conform-it.fr\/index.php\/wp-json\/wp\/v2\/users\/1"}],"replies":[{"embeddable":true,"href":"https:\/\/wp.conform-it.fr\/index.php\/wp-json\/wp\/v2\/comments?post=100"}],"version-history":[{"count":3,"href":"https:\/\/wp.conform-it.fr\/index.php\/wp-json\/wp\/v2\/pages\/100\/revisions"}],"predecessor-version":[{"id":104,"href":"https:\/\/wp.conform-it.fr\/index.php\/wp-json\/wp\/v2\/pages\/100\/revisions\/104"}],"wp:attachment":[{"href":"https:\/\/wp.conform-it.fr\/index.php\/wp-json\/wp\/v2\/media?parent=100"}],"curies":[{"name":"wp","href":"https:\/\/api.w.org\/{rel}","templated":true}]}}