{"id":108,"date":"2026-02-18T14:51:48","date_gmt":"2026-02-18T14:51:48","guid":{"rendered":"https:\/\/wp.conform-it.fr\/?page_id=108"},"modified":"2026-02-18T16:47:39","modified_gmt":"2026-02-18T16:47:39","slug":"test-rgaa-chapitre-02-cadres-nc","status":"publish","type":"page","link":"https:\/\/wp.conform-it.fr\/index.php\/test-rgaa-chapitre-02-cadres-nc\/","title":{"rendered":"Test RGAA \u2013 Chapitre 02 &#8211; Cadres et contenus embarqu\u00e9s &#8211; NC"},"content":{"rendered":"\n<p>1- Iframe sans titre (crit\u00e8re 2.1)<\/p>\n\n\n\n<h2>Vid\u00e9o de pr\u00e9sentation<\/h2>\n\n<iframe loading=\"lazy\" \n    src=\"https:\/\/www.youtube.com\/embed\/dQw4w9WgXcQ\"\n    width=\"560\"\n    height=\"315\">\n<\/iframe>\n\n\n\n<p>2- Iframe avec titre non pertinent (crit\u00e8re 2.1)<\/p>\n\n\n\n<h2>Interview du directeur<\/h2>\n\n<iframe loading=\"lazy\" \n    src=\"https:\/\/www.youtube.com\/embed\/dQw4w9WgXcQ\"\n    title=\"iframe1\"\n    width=\"560\"\n    height=\"315\">\n<\/iframe>\n\n\n\n<p>3- Contenu embarqu\u00e9 sans alternative textuelle (crit\u00e8re 2.2)<\/p>\n\n\n\n<h2>Carte des agences<\/h2>\n\n<iframe loading=\"lazy\" \n    src=\"https:\/\/www.google.com\/maps\/embed?pb=!1m18...\"\n    title=\"Carte interactive\"\n    width=\"600\"\n    height=\"450\">\n<\/iframe>\n\n\n\n<p>4- Cadre bloquant la navigation clavier (crit\u00e8re 2.3)<\/p>\n\n\n\n<h2>Chat support<\/h2>\n\n<iframe loading=\"lazy\" \n    src=\"https:\/\/example-chat-widget.com\"\n    title=\"Chat en ligne\"\n    tabindex=\"-1\"\n    width=\"400\"\n    height=\"600\">\n<\/iframe>\n\n\n\n<p>5- Cadre inject\u00e9 dynamiquement sans information utilisateur (crit\u00e8re 2.4)<\/p>\n\n\n\n<h2>Publicit\u00e9 partenaire<\/h2>\n\n<div id=\"ad-container\"><\/div>\n\n<script>\ndocument.getElementById(\"ad-container\").innerHTML = `\n  <iframe loading=\"lazy\" src=\"https:\/\/ads.example.com\"\n          width=\"728\"\n          height=\"90\">\n  <\/iframe>\n`;\n<\/script>\n\n\n\n<p>6- Iframe masqu\u00e9e visuellement mais lisible par les lecteurs d\u2019\u00e9cran<\/p>\n\n\n\n<iframe \n    src=\"https:\/\/example.com\"\n    title=\"\"\n    style=\"opacity:0; position:absolute;\">\n<\/iframe>\n","protected":false},"excerpt":{"rendered":"<p>1- Iframe sans titre (crit\u00e8re 2.1) Vid\u00e9o de pr\u00e9sentation 2- Iframe avec titre non pertinent (crit\u00e8re 2.1) Interview du directeur 3- Contenu embarqu\u00e9 sans alternative textuelle (crit\u00e8re 2.2) Carte des agences 4- Cadre bloquant la navigation clavier (crit\u00e8re 2.3) Chat support 5- Cadre inject\u00e9 dynamiquement sans information utilisateur (crit\u00e8re 2.4) Publicit\u00e9 partenaire 6- Iframe masqu\u00e9e [&hellip;]<\/p>\n","protected":false},"author":1,"featured_media":0,"parent":0,"menu_order":0,"comment_status":"closed","ping_status":"closed","template":"","meta":{"footnotes":""},"class_list":["post-108","page","type-page","status-publish","hentry"],"_links":{"self":[{"href":"https:\/\/wp.conform-it.fr\/index.php\/wp-json\/wp\/v2\/pages\/108","targetHints":{"allow":["GET"]}}],"collection":[{"href":"https:\/\/wp.conform-it.fr\/index.php\/wp-json\/wp\/v2\/pages"}],"about":[{"href":"https:\/\/wp.conform-it.fr\/index.php\/wp-json\/wp\/v2\/types\/page"}],"author":[{"embeddable":true,"href":"https:\/\/wp.conform-it.fr\/index.php\/wp-json\/wp\/v2\/users\/1"}],"replies":[{"embeddable":true,"href":"https:\/\/wp.conform-it.fr\/index.php\/wp-json\/wp\/v2\/comments?post=108"}],"version-history":[{"count":2,"href":"https:\/\/wp.conform-it.fr\/index.php\/wp-json\/wp\/v2\/pages\/108\/revisions"}],"predecessor-version":[{"id":110,"href":"https:\/\/wp.conform-it.fr\/index.php\/wp-json\/wp\/v2\/pages\/108\/revisions\/110"}],"wp:attachment":[{"href":"https:\/\/wp.conform-it.fr\/index.php\/wp-json\/wp\/v2\/media?parent=108"}],"curies":[{"name":"wp","href":"https:\/\/api.w.org\/{rel}","templated":true}]}}