{"id":121,"date":"2026-02-18T15:14:20","date_gmt":"2026-02-18T15:14:20","guid":{"rendered":"https:\/\/wp.conform-it.fr\/?page_id=121"},"modified":"2026-02-18T15:16:47","modified_gmt":"2026-02-18T15:16:47","slug":"test-rgaa-chapitre-05-tableaux-nc","status":"publish","type":"page","link":"https:\/\/wp.conform-it.fr\/index.php\/test-rgaa-chapitre-05-tableaux-nc\/","title":{"rendered":"Test RGAA \u2013 Chapitre 05 : Tableaux &#8211; NC"},"content":{"rendered":"\n<p>1 \u2014 Tableau de donn\u00e9es sans en-t\u00eates (<code>th<\/code>)<\/p>\n\n\n\n<table>\n  <tr>\n    <td>Produit<\/td>\n    <td>Prix<\/td>\n    <td>Stock<\/td>\n  <\/tr>\n  <tr>\n    <td>Clavier<\/td>\n    <td>49\u20ac<\/td>\n    <td>32<\/td>\n  <\/tr>\n  <tr>\n    <td>Souris<\/td>\n    <td>19\u20ac<\/td>\n    <td>58<\/td>\n  <\/tr>\n<\/table>\n\n\n\n<p>2 \u2014 Tableau avec en-t\u00eates non associ\u00e9s<\/p>\n\n\n\n<table>\n  <tr>\n    <th>Ann\u00e9e<\/th>\n    <th>Ventes<\/th>\n  <\/tr>\n  <tr>\n    <td>2022<\/td>\n    <td>1200<\/td>\n  <\/tr>\n  <tr>\n    <td>2023<\/td>\n    <td>1500<\/td>\n  <\/tr>\n<\/table>\n\n\n\n<p>3 \u2014 Tableau de donn\u00e9es sans titre (<code>caption<\/code>)<\/p>\n\n\n\n<table>\n  <tr>\n    <th scope=\"col\">Nom<\/th>\n    <th scope=\"col\">Email<\/th>\n  <\/tr>\n  <tr>\n    <td>Jean Dupont<\/td>\n    <td>jean@email.com<\/td>\n  <\/tr>\n  <tr>\n    <td>Marie Martin<\/td>\n    <td>marie@email.com<\/td>\n  <\/tr>\n<\/table>\n\n\n\n<p>4 \u2014 Tableau complexe avec fusion de cellules mal structur\u00e9e<\/p>\n\n\n\n<table>\n  <tr>\n    <th><\/th>\n    <th colspan=\"2\">2024<\/th>\n  <\/tr>\n  <tr>\n    <th>Mois<\/th>\n    <th>Ventes<\/th>\n    <th>Objectif<\/th>\n  <\/tr>\n  <tr>\n    <td>Janvier<\/td>\n    <td>200<\/td>\n    <td>250<\/td>\n  <\/tr>\n<\/table>\n\n\n\n<p>5 \u2014 Faux tableau utilis\u00e9 pour de la mise en page<\/p>\n\n\n\n<table>\n  <tr>\n    <td>\n      <img decoding=\"async\" src=\"produit.jpg\" alt=\"\">\n    <\/td>\n    <td>\n      <h2>Produit premium<\/h2>\n      <p>Description marketing du produit.<\/p>\n      <button>Acheter<\/button>\n    <\/td>\n  <\/tr>\n<\/table>\n\n\n\n<p>6 &#8211; En-t\u00eates visuels uniquement via style CSS<\/p>\n\n\n\n<table>\n  <tr>\n    <td><strong>Ville<\/strong><\/td>\n    <td><strong>Population<\/strong><\/td>\n  <\/tr>\n  <tr>\n    <td>Paris<\/td>\n    <td>2 100 000<\/td>\n  <\/tr>\n<\/table>\n","protected":false},"excerpt":{"rendered":"<p>1 \u2014 Tableau de donn\u00e9es sans en-t\u00eates (th) Produit Prix Stock Clavier 49\u20ac 32 Souris 19\u20ac 58 2 \u2014 Tableau avec en-t\u00eates non associ\u00e9s Ann\u00e9e Ventes 2022 1200 2023 1500 3 \u2014 Tableau de donn\u00e9es sans titre (caption) Nom Email Jean Dupont jean@email.com Marie Martin marie@email.com 4 \u2014 Tableau complexe avec fusion de cellules mal [&hellip;]<\/p>\n","protected":false},"author":1,"featured_media":0,"parent":0,"menu_order":0,"comment_status":"closed","ping_status":"closed","template":"","meta":{"footnotes":""},"class_list":["post-121","page","type-page","status-publish","hentry"],"_links":{"self":[{"href":"https:\/\/wp.conform-it.fr\/index.php\/wp-json\/wp\/v2\/pages\/121","targetHints":{"allow":["GET"]}}],"collection":[{"href":"https:\/\/wp.conform-it.fr\/index.php\/wp-json\/wp\/v2\/pages"}],"about":[{"href":"https:\/\/wp.conform-it.fr\/index.php\/wp-json\/wp\/v2\/types\/page"}],"author":[{"embeddable":true,"href":"https:\/\/wp.conform-it.fr\/index.php\/wp-json\/wp\/v2\/users\/1"}],"replies":[{"embeddable":true,"href":"https:\/\/wp.conform-it.fr\/index.php\/wp-json\/wp\/v2\/comments?post=121"}],"version-history":[{"count":2,"href":"https:\/\/wp.conform-it.fr\/index.php\/wp-json\/wp\/v2\/pages\/121\/revisions"}],"predecessor-version":[{"id":124,"href":"https:\/\/wp.conform-it.fr\/index.php\/wp-json\/wp\/v2\/pages\/121\/revisions\/124"}],"wp:attachment":[{"href":"https:\/\/wp.conform-it.fr\/index.php\/wp-json\/wp\/v2\/media?parent=121"}],"curies":[{"name":"wp","href":"https:\/\/api.w.org\/{rel}","templated":true}]}}