{"id":127,"date":"2026-02-18T15:19:55","date_gmt":"2026-02-18T15:19:55","guid":{"rendered":"https:\/\/wp.conform-it.fr\/?page_id=127"},"modified":"2026-02-18T15:23:41","modified_gmt":"2026-02-18T15:23:41","slug":"test-rgaa-chapitre-06-liens-pass","status":"publish","type":"page","link":"https:\/\/wp.conform-it.fr\/index.php\/test-rgaa-chapitre-06-liens-pass\/","title":{"rendered":"Test RGAA \u2013 Chapitre 06 : Liens &#8211; PASS"},"content":{"rendered":"\n<p>1 \u2014 Lien avec intitul\u00e9 explicite (crit\u00e8res 6.1 &amp; 6.2)<\/p>\n\n\n\n<main>\n  <h1>Rapport annuel<\/h1>\n\n  <p>\n    Consultez \n    <a href=\"\/documents\/rapport-annuel-2025.pdf\">\n      le rapport annuel 2025 (PDF, 2 Mo)\n    <\/a>.\n  <\/p>\n<\/main>\n\n\n\n<p>2 \u2014 Lien dont le contexte compl\u00e8te le sens (crit\u00e8re 6.2)<\/p>\n\n\n\n<article>\n  <h2>Formation Accessibilit\u00e9 num\u00e9rique<\/h2>\n  <p>\n    Cette formation vous apprend \u00e0 auditer un site selon le RGAA.\n    <a href=\"\/formations\/accessibilite\">En savoir plus<\/a>\n  <\/p>\n<\/article>\n\n\n\n<p>3 \u2014 Lien image correctement accessible (crit\u00e8re 6.1)<\/p>\n\n\n\n<a href=\"\/contact\">\n  <img decoding=\"async\" \n    src=\"\/images\/icone-contact.png\" \n    alt=\"Contacter le service support\"\n  >\n<\/a>\n\n\n\n<p>4 \u2014 Lien ouvrant une nouvelle fen\u00eatre signal\u00e9 (crit\u00e8re 6.3)<\/p>\n\n\n\n<p>\n  <a \n    href=\"https:\/\/www.cnil.fr\"\n    target=\"_blank\"\n    rel=\"noopener noreferrer\"\n    title=\"Site de la CNIL - ouverture dans une nouvelle fen\u00eatre\"\n  >\n    Consulter le site de la CNIL (nouvelle fen\u00eatre)\n  <\/a>\n<\/p>\n\n\n\n<p>5 \u2014 Groupe de liens distincts et non ambigus (crit\u00e8res 6.1 &amp; 6.2)<\/p>\n\n\n\n<h2>Documents RGAA<\/h2>\n<ul>\n  <li>\n    <a href=\"\/docs\/rgaa-guide.pdf\">\n      T\u00e9l\u00e9charger le guide RGAA (PDF)\n    <\/a>\n  <\/li>\n  <li>\n    <a href=\"\/docs\/rgaa-checklist.pdf\">\n      T\u00e9l\u00e9charger la checklist RGAA (PDF)\n    <\/a>\n  <\/li>\n  <li>\n    <a href=\"\/docs\/rgaa-methodologie.pdf\">\n      T\u00e9l\u00e9charger la m\u00e9thodologie RGAA (PDF)\n    <\/a>\n  <\/li>\n<\/ul>\n\n\n\n<p>6 &#8211; Cas volontairement borderline<\/p>\n\n\n\n<p>\n  T\u00e9l\u00e9charger le document : \n  <a href=\"\/docs\/audit.pdf\">cliquez ici<\/a>\n<\/p>\n","protected":false},"excerpt":{"rendered":"<p>1 \u2014 Lien avec intitul\u00e9 explicite (crit\u00e8res 6.1 &amp; 6.2) Rapport annuel Consultez le rapport annuel 2025 (PDF, 2 Mo) . 2 \u2014 Lien dont le contexte compl\u00e8te le sens (crit\u00e8re 6.2) Formation Accessibilit\u00e9 num\u00e9rique Cette formation vous apprend \u00e0 auditer un site selon le RGAA. En savoir plus 3 \u2014 Lien image correctement accessible [&hellip;]<\/p>\n","protected":false},"author":1,"featured_media":0,"parent":0,"menu_order":0,"comment_status":"closed","ping_status":"closed","template":"","meta":{"footnotes":""},"class_list":["post-127","page","type-page","status-publish","hentry"],"_links":{"self":[{"href":"https:\/\/wp.conform-it.fr\/index.php\/wp-json\/wp\/v2\/pages\/127","targetHints":{"allow":["GET"]}}],"collection":[{"href":"https:\/\/wp.conform-it.fr\/index.php\/wp-json\/wp\/v2\/pages"}],"about":[{"href":"https:\/\/wp.conform-it.fr\/index.php\/wp-json\/wp\/v2\/types\/page"}],"author":[{"embeddable":true,"href":"https:\/\/wp.conform-it.fr\/index.php\/wp-json\/wp\/v2\/users\/1"}],"replies":[{"embeddable":true,"href":"https:\/\/wp.conform-it.fr\/index.php\/wp-json\/wp\/v2\/comments?post=127"}],"version-history":[{"count":2,"href":"https:\/\/wp.conform-it.fr\/index.php\/wp-json\/wp\/v2\/pages\/127\/revisions"}],"predecessor-version":[{"id":130,"href":"https:\/\/wp.conform-it.fr\/index.php\/wp-json\/wp\/v2\/pages\/127\/revisions\/130"}],"wp:attachment":[{"href":"https:\/\/wp.conform-it.fr\/index.php\/wp-json\/wp\/v2\/media?parent=127"}],"curies":[{"name":"wp","href":"https:\/\/api.w.org\/{rel}","templated":true}]}}