{"id":131,"date":"2026-02-18T15:26:45","date_gmt":"2026-02-18T15:26:45","guid":{"rendered":"https:\/\/wp.conform-it.fr\/?page_id=131"},"modified":"2026-02-18T15:26:45","modified_gmt":"2026-02-18T15:26:45","slug":"test-rgaa-chapitre-06-liens-nc","status":"publish","type":"page","link":"https:\/\/wp.conform-it.fr\/index.php\/test-rgaa-chapitre-06-liens-nc\/","title":{"rendered":"Test RGAA \u2013 Chapitre 06 : Liens &#8211; NC"},"content":{"rendered":"\n<p>1 \u2014 Intitul\u00e9 de lien non explicite<\/p>\n\n\n\n<p>Pour consulter notre politique de confidentialit\u00e9, cliquez \n<a href=\"\/politique-confidentialite\">ici<\/a>.<\/p>\n\n\n\n<p>2 \u2014 Deux liens diff\u00e9rents avec le m\u00eame intitul\u00e9<\/p>\n\n\n\n<ul>\n  <li><a href=\"\/produit-a\">En savoir plus<\/a><\/li>\n  <li><a href=\"\/produit-b\">En savoir plus<\/a><\/li>\n  <li><a href=\"\/produit-c\">En savoir plus<\/a><\/li>\n<\/ul>\n\n\n\n<p>3 \u2014 Lien image sans alternative<\/p>\n\n\n\n<a href=\"\/contact\">\n  <img decoding=\"async\" src=\"btn-contact.png\">\n<\/a>\n\n\n\n<p>4 \u2014 Lien ouvrant une nouvelle fen\u00eatre sans avertissement<\/p>\n\n\n\n<a href=\"https:\/\/exemple-partenaire.com\" target=\"_blank\">\n  Visiter le site partenaire\n<\/a>\n\n\n\n<p>5 \u2014 Faux lien utilis\u00e9 comme bouton<\/p>\n\n\n\n<a href=\"#\" onclick=\"ouvrirPopup()\">T\u00e9l\u00e9charger la brochure<\/a>\n\n\n\n<p>6 \u2014 Lien vide<\/p>\n\n\n\n<a href=\"\/mentions-legales\"><\/a>\n\n\n\n<p><\/p>\n","protected":false},"excerpt":{"rendered":"<p>1 \u2014 Intitul\u00e9 de lien non explicite Pour consulter notre politique de confidentialit\u00e9, cliquez ici. 2 \u2014 Deux liens diff\u00e9rents avec le m\u00eame intitul\u00e9 En savoir plus En savoir plus En savoir plus 3 \u2014 Lien image sans alternative 4 \u2014 Lien ouvrant une nouvelle fen\u00eatre sans avertissement Visiter le site partenaire 5 \u2014 Faux [&hellip;]<\/p>\n","protected":false},"author":1,"featured_media":0,"parent":0,"menu_order":0,"comment_status":"closed","ping_status":"closed","template":"","meta":{"footnotes":""},"class_list":["post-131","page","type-page","status-publish","hentry"],"_links":{"self":[{"href":"https:\/\/wp.conform-it.fr\/index.php\/wp-json\/wp\/v2\/pages\/131","targetHints":{"allow":["GET"]}}],"collection":[{"href":"https:\/\/wp.conform-it.fr\/index.php\/wp-json\/wp\/v2\/pages"}],"about":[{"href":"https:\/\/wp.conform-it.fr\/index.php\/wp-json\/wp\/v2\/types\/page"}],"author":[{"embeddable":true,"href":"https:\/\/wp.conform-it.fr\/index.php\/wp-json\/wp\/v2\/users\/1"}],"replies":[{"embeddable":true,"href":"https:\/\/wp.conform-it.fr\/index.php\/wp-json\/wp\/v2\/comments?post=131"}],"version-history":[{"count":1,"href":"https:\/\/wp.conform-it.fr\/index.php\/wp-json\/wp\/v2\/pages\/131\/revisions"}],"predecessor-version":[{"id":132,"href":"https:\/\/wp.conform-it.fr\/index.php\/wp-json\/wp\/v2\/pages\/131\/revisions\/132"}],"wp:attachment":[{"href":"https:\/\/wp.conform-it.fr\/index.php\/wp-json\/wp\/v2\/media?parent=131"}],"curies":[{"name":"wp","href":"https:\/\/api.w.org\/{rel}","templated":true}]}}