{"id":153,"date":"2026-02-18T15:49:57","date_gmt":"2026-02-18T15:49:57","guid":{"rendered":"https:\/\/wp.conform-it.fr\/?page_id=153"},"modified":"2026-02-18T15:49:57","modified_gmt":"2026-02-18T15:49:57","slug":"test-rgaa-chapitre-10-presentation-de-linformation-nc","status":"publish","type":"page","link":"https:\/\/wp.conform-it.fr\/index.php\/test-rgaa-chapitre-10-presentation-de-linformation-nc\/","title":{"rendered":"Test RGAA \u2013 Chapitre 10 : Pr\u00e9sentation de l&rsquo;information &#8211; NC"},"content":{"rendered":"\n<p>1 \u2014 Information transmise uniquement par la couleur<\/p>\n\n\n\n<p>\n  <span style=\"color:red;\">Champs obligatoires<\/span>\n<\/p>\n\n<form>\n  Nom : <input type=\"text\"><br><br>\n  Email : <input type=\"text\"><br><br>\n  <p style=\"color:red;\">Les champs en rouge sont obligatoires<\/p>\n<\/form>\n\n\n\n<p>2 \u2014 Texte trop petit et non redimensionnable<\/p>\n\n\n\n<p style=\"font-size:10px;\">\n  Ce texte est tr\u00e8s petit et difficile \u00e0 lire.\n<\/p>\n\n\n\n<p>3 \u2014 Contenu masqu\u00e9 avec overflow<\/p>\n\n\n\n<div style=\"width:200px; height:60px; overflow:hidden; border:1px solid black;\">\n  Ce texte est volontairement trop long pour le conteneur. Une partie\n  du contenu devient invisible et inaccessible pour l&rsquo;utilisateur.\n<\/div>\n\n\n\n<p>4 \u2014 Justification compl\u00e8te du texte<\/p>\n\n\n\n<p style=\"text-align:justify; width:250px;\">\n  Ce paragraphe est justifi\u00e9 sur toute sa largeur. Cela peut cr\u00e9er des espaces\n  irr\u00e9guliers entre les mots et rendre la lecture difficile pour certains\n  utilisateurs, notamment dyslexiques.\n<\/p>\n\n\n\n<p>5 \u2014 Hauteur de ligne insuffisante<\/p>\n\n\n\n<p style=\"line-height:0.8;\">\n  Ce texte poss\u00e8de une hauteur de ligne trop faible.\n  Les lignes sont tr\u00e8s serr\u00e9es et deviennent difficiles \u00e0 lire.\n  Cela nuit \u00e0 l\u2019accessibilit\u00e9 cognitive et visuelle.\n<\/p>\n","protected":false},"excerpt":{"rendered":"<p>1 \u2014 Information transmise uniquement par la couleur Champs obligatoires Nom : Email : Les champs en rouge sont obligatoires 2 \u2014 Texte trop petit et non redimensionnable Ce texte est tr\u00e8s petit et difficile \u00e0 lire. 3 \u2014 Contenu masqu\u00e9 avec overflow Ce texte est volontairement trop long pour le conteneur. Une partie du [&hellip;]<\/p>\n","protected":false},"author":1,"featured_media":0,"parent":0,"menu_order":0,"comment_status":"closed","ping_status":"closed","template":"","meta":{"footnotes":""},"class_list":["post-153","page","type-page","status-publish","hentry"],"_links":{"self":[{"href":"https:\/\/wp.conform-it.fr\/index.php\/wp-json\/wp\/v2\/pages\/153","targetHints":{"allow":["GET"]}}],"collection":[{"href":"https:\/\/wp.conform-it.fr\/index.php\/wp-json\/wp\/v2\/pages"}],"about":[{"href":"https:\/\/wp.conform-it.fr\/index.php\/wp-json\/wp\/v2\/types\/page"}],"author":[{"embeddable":true,"href":"https:\/\/wp.conform-it.fr\/index.php\/wp-json\/wp\/v2\/users\/1"}],"replies":[{"embeddable":true,"href":"https:\/\/wp.conform-it.fr\/index.php\/wp-json\/wp\/v2\/comments?post=153"}],"version-history":[{"count":1,"href":"https:\/\/wp.conform-it.fr\/index.php\/wp-json\/wp\/v2\/pages\/153\/revisions"}],"predecessor-version":[{"id":154,"href":"https:\/\/wp.conform-it.fr\/index.php\/wp-json\/wp\/v2\/pages\/153\/revisions\/154"}],"wp:attachment":[{"href":"https:\/\/wp.conform-it.fr\/index.php\/wp-json\/wp\/v2\/media?parent=153"}],"curies":[{"name":"wp","href":"https:\/\/api.w.org\/{rel}","templated":true}]}}