{"id":159,"date":"2026-02-18T16:26:47","date_gmt":"2026-02-18T16:26:47","guid":{"rendered":"https:\/\/wp.conform-it.fr\/?page_id=159"},"modified":"2026-02-18T16:26:47","modified_gmt":"2026-02-18T16:26:47","slug":"test-rgaa-chapitre-11-formulaires-nc","status":"publish","type":"page","link":"https:\/\/wp.conform-it.fr\/index.php\/test-rgaa-chapitre-11-formulaires-nc\/","title":{"rendered":"Test RGAA \u2013 Chapitre 11 : Formulaires &#8211; NC"},"content":{"rendered":"\n<p>1 \u2014 Champ sans \u00e9tiquette associ\u00e9e (crit\u00e8re 11.1)<\/p>\n\n\n\n<form>\n  <div>\n    <input type=\"text\" name=\"nom\" placeholder=\"Votre nom\">\n  <\/div>\n  <button type=\"submit\">Envoyer<\/button>\n<\/form>\n\n\n\n<p>2 \u2014 Label pr\u00e9sent mais non associ\u00e9 au champ (crit\u00e8re 11.1)<\/p>\n\n\n\n<form>\n  <div>\n    <label for=\"email-utilisateur\">Email<\/label>\n    <input type=\"email\" id=\"email\" name=\"email\">\n  <\/div>\n  <button type=\"submit\">Envoyer<\/button>\n<\/form>\n\n\n\n<p>3 \u2014 Champ obligatoire non indiqu\u00e9 (crit\u00e8re 11.10)<\/p>\n\n\n\n<form>\n  <div>\n    <label for=\"telephone\">T\u00e9l\u00e9phone<\/label>\n    <input type=\"text\" id=\"telephone\" name=\"telephone\">\n  <\/div>\n  <button type=\"submit\">Valider<\/button>\n<\/form>\n\n\n\n<label for=\"telephone\">T\u00e9l\u00e9phone *<\/label>\n<input type=\"text\" id=\"telephone\" name=\"telephone\">\n\n\n\n<p>4 \u2014 Message d\u2019erreur non reli\u00e9 au champ (crit\u00e8re 11.9)<\/p>\n\n\n\n<form>\n  <div>\n    <label for=\"mdp\">Mot de passe<\/label>\n    <input type=\"password\" id=\"mdp\" name=\"mdp\">\n    <span class=\"erreur\">Mot de passe trop court<\/span>\n  <\/div>\n  <button type=\"submit\">Cr\u00e9er un compte<\/button>\n<\/form>\n\n\n\n<p>5 \u2014 Groupe de champs sans <code>&lt;fieldset><\/code> \/ <code>&lt;legend><\/code> (crit\u00e8re 11.5)<\/p>\n\n\n\n<form>\n  <p>Choisissez votre mode de livraison :<\/p>\n\n  <input type=\"radio\" id=\"domicile\" name=\"livraison\">\n  <label for=\"domicile\">\u00c0 domicile<\/label>\n\n  <input type=\"radio\" id=\"relais\" name=\"livraison\">\n  <label for=\"relais\">Point relais<\/label>\n\n  <button type=\"submit\">Continuer<\/button>\n<\/form>\n","protected":false},"excerpt":{"rendered":"<p>1 \u2014 Champ sans \u00e9tiquette associ\u00e9e (crit\u00e8re 11.1) Envoyer 2 \u2014 Label pr\u00e9sent mais non associ\u00e9 au champ (crit\u00e8re 11.1) Email Envoyer 3 \u2014 Champ obligatoire non indiqu\u00e9 (crit\u00e8re 11.10) T\u00e9l\u00e9phone Valider T\u00e9l\u00e9phone * 4 \u2014 Message d\u2019erreur non reli\u00e9 au champ (crit\u00e8re 11.9) Mot de passe Mot de passe trop court Cr\u00e9er un compte [&hellip;]<\/p>\n","protected":false},"author":1,"featured_media":0,"parent":0,"menu_order":0,"comment_status":"closed","ping_status":"closed","template":"","meta":{"footnotes":""},"class_list":["post-159","page","type-page","status-publish","hentry"],"_links":{"self":[{"href":"https:\/\/wp.conform-it.fr\/index.php\/wp-json\/wp\/v2\/pages\/159","targetHints":{"allow":["GET"]}}],"collection":[{"href":"https:\/\/wp.conform-it.fr\/index.php\/wp-json\/wp\/v2\/pages"}],"about":[{"href":"https:\/\/wp.conform-it.fr\/index.php\/wp-json\/wp\/v2\/types\/page"}],"author":[{"embeddable":true,"href":"https:\/\/wp.conform-it.fr\/index.php\/wp-json\/wp\/v2\/users\/1"}],"replies":[{"embeddable":true,"href":"https:\/\/wp.conform-it.fr\/index.php\/wp-json\/wp\/v2\/comments?post=159"}],"version-history":[{"count":1,"href":"https:\/\/wp.conform-it.fr\/index.php\/wp-json\/wp\/v2\/pages\/159\/revisions"}],"predecessor-version":[{"id":160,"href":"https:\/\/wp.conform-it.fr\/index.php\/wp-json\/wp\/v2\/pages\/159\/revisions\/160"}],"wp:attachment":[{"href":"https:\/\/wp.conform-it.fr\/index.php\/wp-json\/wp\/v2\/media?parent=159"}],"curies":[{"name":"wp","href":"https:\/\/api.w.org\/{rel}","templated":true}]}}