{"id":169,"date":"2026-02-18T16:37:12","date_gmt":"2026-02-18T16:37:12","guid":{"rendered":"https:\/\/wp.conform-it.fr\/?page_id=169"},"modified":"2026-02-18T16:37:12","modified_gmt":"2026-02-18T16:37:12","slug":"test-rgaa-chapitre-13-consultation-nc","status":"publish","type":"page","link":"https:\/\/wp.conform-it.fr\/index.php\/test-rgaa-chapitre-13-consultation-nc\/","title":{"rendered":"Test RGAA \u2013 Chapitre 13 : Consultation &#8211; NC"},"content":{"rendered":"\n<p>1 \u2014 Lien qui ouvre une nouvelle fen\u00eatre sans avertissement<\/p>\n\n\n\n<p>\n  Consultez notre rapport annuel :\n  <a href=\"rapport-2025.pdf\" target=\"_blank\">T\u00e9l\u00e9charger le rapport<\/a>\n<\/p>\n\n\n\n<p>2 \u2014 Document t\u00e9l\u00e9chargeable sans indication de format ni taille<\/p>\n\n\n\n<p>\n  <a href=\"\/docs\/bilan.pdf\">Consulter le bilan financier<\/a>\n<\/p>\n\n\n\n<p>3 \u2014 Lecteur vid\u00e9o sans contr\u00f4les accessibles<\/p>\n\n\n\n<video autoplay>\n  <source src=\"video-promo.mp4\" type=\"video\/mp4\">\n<\/video>\n\n\n\n<p>4 \u2014 Contenu masqu\u00e9 accessible uniquement \u00e0 la souris<\/p>\n\n\n\n<div onmouseover=\"document.getElementById('info').style.display='block'\">\n  Passez la souris ici\n<\/div>\n\n<div id=\"info\" style=\"display:none;\">\n  Informations importantes pour l&rsquo;utilisateur\n<\/div>\n\n\n\n<p>5 \u2014 Pagination non structur\u00e9e<\/p>\n\n\n\n<div class=\"pagination\">\n  <span onclick=\"goToPage(1)\">1<\/span>\n  <span onclick=\"goToPage(2)\">2<\/span>\n  <span onclick=\"goToPage(3)\">3<\/span>\n<\/div>\n","protected":false},"excerpt":{"rendered":"<p>1 \u2014 Lien qui ouvre une nouvelle fen\u00eatre sans avertissement Consultez notre rapport annuel : T\u00e9l\u00e9charger le rapport 2 \u2014 Document t\u00e9l\u00e9chargeable sans indication de format ni taille Consulter le bilan financier 3 \u2014 Lecteur vid\u00e9o sans contr\u00f4les accessibles 4 \u2014 Contenu masqu\u00e9 accessible uniquement \u00e0 la souris Passez la souris ici Informations importantes pour [&hellip;]<\/p>\n","protected":false},"author":1,"featured_media":0,"parent":0,"menu_order":0,"comment_status":"closed","ping_status":"closed","template":"","meta":{"footnotes":""},"class_list":["post-169","page","type-page","status-publish","hentry"],"_links":{"self":[{"href":"https:\/\/wp.conform-it.fr\/index.php\/wp-json\/wp\/v2\/pages\/169","targetHints":{"allow":["GET"]}}],"collection":[{"href":"https:\/\/wp.conform-it.fr\/index.php\/wp-json\/wp\/v2\/pages"}],"about":[{"href":"https:\/\/wp.conform-it.fr\/index.php\/wp-json\/wp\/v2\/types\/page"}],"author":[{"embeddable":true,"href":"https:\/\/wp.conform-it.fr\/index.php\/wp-json\/wp\/v2\/users\/1"}],"replies":[{"embeddable":true,"href":"https:\/\/wp.conform-it.fr\/index.php\/wp-json\/wp\/v2\/comments?post=169"}],"version-history":[{"count":1,"href":"https:\/\/wp.conform-it.fr\/index.php\/wp-json\/wp\/v2\/pages\/169\/revisions"}],"predecessor-version":[{"id":170,"href":"https:\/\/wp.conform-it.fr\/index.php\/wp-json\/wp\/v2\/pages\/169\/revisions\/170"}],"wp:attachment":[{"href":"https:\/\/wp.conform-it.fr\/index.php\/wp-json\/wp\/v2\/media?parent=169"}],"curies":[{"name":"wp","href":"https:\/\/api.w.org\/{rel}","templated":true}]}}