{"id":85,"date":"2026-02-17T16:11:05","date_gmt":"2026-02-17T16:11:05","guid":{"rendered":"https:\/\/wp.conform-it.fr\/?page_id=85"},"modified":"2026-02-18T16:47:51","modified_gmt":"2026-02-18T16:47:51","slug":"test-rgaa-chapitre-02-cadres-pass","status":"publish","type":"page","link":"https:\/\/wp.conform-it.fr\/index.php\/test-rgaa-chapitre-02-cadres-pass\/","title":{"rendered":"Test RGAA \u2013 Chapitre 02 &#8211; Cadres et contenus embarqu\u00e9s &#8211; PASS"},"content":{"rendered":"\n<p>Cet article sert \u00e0 tester l\u2019accessibilit\u00e9 des cadres (iframes) selon le RGAA.<br>Il contient plusieurs contenus embarqu\u00e9s avec des configurations diff\u00e9rentes.<\/p>\n\n\n\n<h2 class=\"wp-block-heading\">1- Vid\u00e9o YouTube avec titre accessible<\/h2>\n\n\n\n<div>\n<iframe loading=\"lazy\" width=\"1381\" height=\"777\" src=\"https:\/\/www.youtube.com\/embed\/PoXuWXtEwhA\" title=\"Best Of R\u00e9pliques Cultes du Cin\u00e9ma Fran\u00e7ais  #r\u00e9pliquescultes #sceneculte  #humour #punchlines\" frameborder=\"0\" allow=\"accelerometer; autoplay; clipboard-write; encrypted-media; gyroscope; picture-in-picture; web-share\" referrerpolicy=\"strict-origin-when-cross-origin\" allowfullscreen><\/iframe>\n<p><a href=\"#transcription-video\"  onclick=\"document.getElementById('transcription-video').open = true;\">Cliquez sur ce lien pour voir la transcription textuelle de la vid\u00e9o<\/a><\/p>\n<\/div>\n\n\n\n<details id=\"transcription-video\" class=\"audiodescription\">\n  <h2>Audiodescription \u2013 Transcription horodat\u00e9e<\/h2>\n\n  <div class=\"ad-block\">\n    <time>00:00<\/time>\n    <p>[Musique]<\/p>\n  <\/div>\n\n  <div class=\"ad-block\">\n    <time>00:06<\/time>\n    <p>\n      J\u2019ai la tronche comme m\u00eame long moi\u2026<br>\n      Par\u2026 c\u2019est encore mon m\u00e9tabolisme qui d\u00e9c\u2026<br>\n      On peut savoir ce que \u00e7a sera pour ces messieurs ?<br>\n      On t\u2019a dit la m\u00eame chose, amn\u00e9sique ou quoi ?\n    <\/p>\n  <\/div>\n\n  <div class=\"ad-block\">\n    <time>00:15<\/time>\n    <p>\n      Quand on est pass\u00e9 pour un boulot, on en chance.<br>\n      Bon, o\u00f9 vas-tu ? \u2014 En Corse.<br>\n      Et d\u2019o\u00f9 tu viens ? \u2014 D\u2019Angleterre.<br>\n      Ah bah d\u00e9cid\u00e9ment, tu es un insulaire. Allez, monte.\n    <\/p>\n  <\/div>\n\n  <div class=\"ad-block\">\n    <time>00:25<\/time>\n    <p>\n      Merci\u2026<br>\n      Oh, s\u2019imaginer que je partagerai avec toi\u2026<br>\n      Je ne sais pas ce qu\u2019il s\u2019imagine, mais ce que je sais c\u2019est que je n\u2019accepterai pas.<br>\n      \u2014 Mais je te le propose pas.<br>\n      \u2014 Tu me le proposerais, je refuserais.<br>\n      \u2014 Comment peux-tu savoir que tu refuserais puisque je te le propose pas ?\n    <\/p>\n  <\/div>\n\n  <div class=\"ad-block\">\n    <time>00:44<\/time>\n    <p>\n      Entre nous, d\u2019b une supposition\u2026 je dis bien une supposition :<br>\n      que j\u2019ai un graveur du papier et que j\u2019imprime pour un milliard de biftons\u2026<br>\n      En admettant \u2014 c\u2019est toujours une supposition \u2014 qu\u2019on soit sur l\u2019affaire,<br>\n      \u00e7a rapporterait net combien \u00e0 chacun ?<br>\n      \u2014 20 ans de placard. Les b\u00e9n\u00e9fices \u00e7a se divise, la r\u00e9clusion \u00e7a s\u2019additionne.\n    <\/p>\n  <\/div>\n\n  <div class=\"ad-block\">\n    <time>01:07<\/time>\n    <p>\n      Termin\u00e9\u2026<br>\n      Apr\u00e8s la t\u00eate \u00e0 sa berg\u00e8re, le gars aurait bien continu\u00e9 \u00e0 jouer les hommes,<br>\n      mais a bloqu\u00e9 la premi\u00e8re p\u00eache et lui a dit : \u00ab Tu viens de briller, garde tes cartes. \u00bb<br>\n      Et son mari n\u2019a rien dit.\n    <\/p>\n  <\/div>\n\n  <div class=\"ad-block\">\n    <time>01:21<\/time>\n    <p>\n      Tu sais, quand les types de 30 kg disent certaines choses,<br>\n      ceux de 60 kg les \u00e9coutent.\n    <\/p>\n  <\/div>\n\n  <div class=\"ad-block\">\n    <time>01:27<\/time>\n    <p>\n      De toute fa\u00e7on, si \u00e7a tournait mal \u2014 je veux dire s\u2019il y avait une fusillade \u2014<br>\n      vous avez une petite porte sur la droite.\n    <\/p>\n  <\/div>\n\n  <div class=\"ad-block\">\n    <time>02:32<\/time>\n    <p>[Musique]<\/p>\n  <\/div>\n\n  <div class=\"ad-block\">\n    <time>02:35<\/time>\n    <p>\n      \u2014 Connard, \u00e0 quoi tu penses ?<br>\n      \u2014 Je pense que quand on mettra les cons sur orbite,<br>\n      t\u2019as pas fini de tourner.\n    <\/p>\n  <\/div>\n\n  <!-- Continuer sur le m\u00eame mod\u00e8le pour tout le reste -->\n<\/details>\n\n\n\n<h2 class=\"wp-block-heading\">2- Carte interactive<\/h2>\n\n\n\n<iframe \nsrc=\"https:\/\/www.google.com\/maps\/embed?pb=!1m18!1m12!1m3!1d6516.911376889373!2d2.768412639525816!3d50.28894801615148!2m3!1f0!2f0!3f0!3m2!1i1024!2i768!4f13.1!3m3!1m2!1s0x47dd487484f91209%3A0xf3b782924bb76a94!2sGrand&#39;%20Place!5e0!3m2!1sfr!2sfr!4v1771326349818!5m2!1sfr!2sfr\"\n  referrerpolicy=\"no-referrer-when-downgrade\"\n  width=\"600\"\n  height=\"450\"\n  style=\"border:0;\"\n  loading=\"lazy\"\n  title=\"Carte montrant l\u2019emplacement de la Tour Eiffel \u00e0 Paris\">\n<\/iframe>\n\n\n\n<h2 class=\"wp-block-heading\">3- Formulaire externe<\/h2>\n\n\n\n<iframe loading=\"lazy\"\n  src=\"https:\/\/forms.gle\/tCnEE2r3xyK7A4Fi9\"\n  width=\"100%\"\n  height=\"600\"\n  title=\"Formulaire de contact\">\n<\/iframe>\n\n\n\n<h2 class=\"wp-block-heading\">4- Cadre technique cach\u00e9<\/h2>\n\n\n\n<iframe loading=\"lazy\"\n  src=\"about:blank\"\n  width=\"0\"\n  height=\"0\"\n  style=\"display:none;\"\n  title=\"Cadre technique\">\n<\/iframe>\n","protected":false},"excerpt":{"rendered":"<p>Cet article sert \u00e0 tester l\u2019accessibilit\u00e9 des cadres (iframes) selon le RGAA.Il contient plusieurs contenus embarqu\u00e9s avec des configurations diff\u00e9rentes. 1- Vid\u00e9o YouTube avec titre accessible Cliquez sur ce lien pour voir la transcription textuelle de la vid\u00e9o Audiodescription \u2013 Transcription horodat\u00e9e 00:00 [Musique] 00:06 J\u2019ai la tronche comme m\u00eame long moi\u2026 Par\u2026 c\u2019est encore [&hellip;]<\/p>\n","protected":false},"author":1,"featured_media":0,"parent":0,"menu_order":0,"comment_status":"closed","ping_status":"closed","template":"","meta":{"footnotes":""},"class_list":["post-85","page","type-page","status-publish","hentry"],"_links":{"self":[{"href":"https:\/\/wp.conform-it.fr\/index.php\/wp-json\/wp\/v2\/pages\/85","targetHints":{"allow":["GET"]}}],"collection":[{"href":"https:\/\/wp.conform-it.fr\/index.php\/wp-json\/wp\/v2\/pages"}],"about":[{"href":"https:\/\/wp.conform-it.fr\/index.php\/wp-json\/wp\/v2\/types\/page"}],"author":[{"embeddable":true,"href":"https:\/\/wp.conform-it.fr\/index.php\/wp-json\/wp\/v2\/users\/1"}],"replies":[{"embeddable":true,"href":"https:\/\/wp.conform-it.fr\/index.php\/wp-json\/wp\/v2\/comments?post=85"}],"version-history":[{"count":2,"href":"https:\/\/wp.conform-it.fr\/index.php\/wp-json\/wp\/v2\/pages\/85\/revisions"}],"predecessor-version":[{"id":107,"href":"https:\/\/wp.conform-it.fr\/index.php\/wp-json\/wp\/v2\/pages\/85\/revisions\/107"}],"wp:attachment":[{"href":"https:\/\/wp.conform-it.fr\/index.php\/wp-json\/wp\/v2\/media?parent=85"}],"curies":[{"name":"wp","href":"https:\/\/api.w.org\/{rel}","templated":true}]}}